{"id":12,"date":"2025-12-08T12:28:13","date_gmt":"2025-12-08T15:28:13","guid":{"rendered":"https:\/\/pcmg.letsite.com.br\/?page_id=12"},"modified":"2026-03-09T11:59:37","modified_gmt":"2026-03-09T14:59:37","slug":"areas-de-atuacao","status":"publish","type":"page","link":"https:\/\/pcmg.letsite.com.br\/en\/areas-de-atuacao\/","title":{"rendered":"(PT) \u00c1reas de atua\u00e7\u00e3o"},"content":{"rendered":"<p class=\"qtranxs-available-languages-message qtranxs-available-languages-message-en\">Sorry, this entry is only available in <a href=\"https:\/\/pcmg.letsite.com.br\/pb\/wp-json\/wp\/v2\/pages\/12\" class=\"qtranxs-available-language-link qtranxs-available-language-link-pb\" title=\"PT\">PT<\/a>.<\/p>","protected":false},"excerpt":{"rendered":"<p class=\"qtranxs-available-languages-message qtranxs-available-languages-message-en\">Sorry, this entry is only available in <a href=\"https:\/\/pcmg.letsite.com.br\/pb\/wp-json\/wp\/v2\/pages\/12\" class=\"qtranxs-available-language-link qtranxs-available-language-link-pb\" title=\"PT\">PT<\/a>.<\/p>\n","protected":false},"author":1,"featured_media":148,"parent":0,"menu_order":1,"comment_status":"closed","ping_status":"closed","template":"page-areas.php","meta":{"_acf_changed":false,"footnotes":""},"class_list":["post-12","page","type-page","status-publish","has-post-thumbnail","hentry"],"acf":[],"_links":{"self":[{"href":"https:\/\/pcmg.letsite.com.br\/en\/wp-json\/wp\/v2\/pages\/12","targetHints":{"allow":["GET"]}}],"collection":[{"href":"https:\/\/pcmg.letsite.com.br\/en\/wp-json\/wp\/v2\/pages"}],"about":[{"href":"https:\/\/pcmg.letsite.com.br\/en\/wp-json\/wp\/v2\/types\/page"}],"author":[{"embeddable":true,"href":"https:\/\/pcmg.letsite.com.br\/en\/wp-json\/wp\/v2\/users\/1"}],"replies":[{"embeddable":true,"href":"https:\/\/pcmg.letsite.com.br\/en\/wp-json\/wp\/v2\/comments?post=12"}],"version-history":[{"count":7,"href":"https:\/\/pcmg.letsite.com.br\/en\/wp-json\/wp\/v2\/pages\/12\/revisions"}],"predecessor-version":[{"id":271,"href":"https:\/\/pcmg.letsite.com.br\/en\/wp-json\/wp\/v2\/pages\/12\/revisions\/271"}],"wp:featuredmedia":[{"embeddable":true,"href":"https:\/\/pcmg.letsite.com.br\/en\/wp-json\/wp\/v2\/media\/148"}],"wp:attachment":[{"href":"https:\/\/pcmg.letsite.com.br\/en\/wp-json\/wp\/v2\/media?parent=12"}],"curies":[{"name":"wp","href":"https:\/\/api.w.org\/{rel}","templated":true}]}}